{"id":90,"date":"2023-01-17T13:31:06","date_gmt":"2023-01-17T13:31:06","guid":{"rendered":"https:\/\/annabellezinser.de\/?page_id=90"},"modified":"2023-05-23T06:22:21","modified_gmt":"2023-05-23T06:22:21","slug":"videos-und-audios","status":"publish","type":"page","link":"https:\/\/annabellezinser.de\/?page_id=90","title":{"rendered":"Videos und Audios"},"content":{"rendered":"<h4>Videos<\/h4>\n<p>Vortrag Online &#8211; Oster -Retreat w\u00e4hrend der Corona-Pandemie April 2020: &#8222;Pl\u00f6tzlich h\u00f6re ich das Fl\u00fcstern der Fr\u00fchlingswinde und die Verzweiflung ist fort.&#8220; Teil 1<\/p>\n<p><iframe loading=\"lazy\" title=\"Pl\u00f6tzlich h\u00f6re ich das Fl\u00fcstern der Fr\u00fchlingswinde und die Verzweiflung ist fort  Teil 1\" width=\"840\" height=\"473\" src=\"https:\/\/www.youtube.com\/embed\/5D-OhY5-kHs?feature=oembed\" frameborder=\"0\" allow=\"accelerometer; autoplay; clipboard-write; encrypted-media; gyroscope; picture-in-picture; web-share\" allowfullscreen><\/iframe><\/p>\n<hr \/>\n<p>Pl\u00f6tzlich h\u00f6re ich das Fl\u00fcstern der Fr\u00fchlingswinde und die Verzweiflung ist fort. Teil 2<\/p>\n<p><iframe loading=\"lazy\" title=\"Pl\u00f6tzlich h\u00f6re ich das Fl\u00fcstern der Fr\u00fchlingswinde und die Verzweiflung ist fort  Teil 2\" width=\"840\" height=\"473\" src=\"https:\/\/www.youtube.com\/embed\/ytQo8--NT04?feature=oembed\" frameborder=\"0\" allow=\"accelerometer; autoplay; clipboard-write; encrypted-media; gyroscope; picture-in-picture; web-share\" allowfullscreen><\/iframe><\/p>\n<hr \/>\n<p>Meditations-Retreat Online f\u00fcr Menschen aus der Tierrechtsbewegung,\u00a0\u00a0\u00a0\u00a0\u00a0\u00a0\u00a0\u00a0\u00a0\u00a0\u00a0 Dezember 2021:<\/p>\n<p>&#8222;Unser Herz f\u00fcr die Freude und den Schmerz in uns, in anderen Lebewesen und\u00a0 in der Welt \u00f6ffnen&#8220;<\/p>\n<p><iframe loading=\"lazy\" title=\"Unser Herz f\u00fcr die Freude und den Schmerz in uns, in anderen Lebewesen und in der Welt \u00f6ffnen\" width=\"840\" height=\"473\" src=\"https:\/\/www.youtube.com\/embed\/9xj_RnDmuZI?feature=oembed\" frameborder=\"0\" allow=\"accelerometer; autoplay; clipboard-write; encrypted-media; gyroscope; picture-in-picture; web-share\" allowfullscreen><\/iframe><\/p>\n<hr \/>\n<p>Vortrag zum 20 j\u00e4hrigen Jubil\u00e4um August 2022:<\/p>\n<p>&#8222;Anf\u00e4nge der &#8222;Quelle des Mitgef\u00fchls&#8220;<\/p>\n<p><iframe loading=\"lazy\" title=\"\u00dcber die Anf\u00e4nge der &quot;Quelle des Mitgef\u00fchls&quot;\" width=\"840\" height=\"473\" src=\"https:\/\/www.youtube.com\/embed\/vNlrSXzkZf4?feature=oembed\" frameborder=\"0\" allow=\"accelerometer; autoplay; clipboard-write; encrypted-media; gyroscope; picture-in-picture; web-share\" allowfullscreen><\/iframe><\/p>\n<h4>Audios<\/h4>\n<p>geleitete Meditationen aus dem Buch von Annabelle Zinser, &#8222;Herzenswege&#8220;, Steinrich-Verlag,\u00a0 von einer Dropbox anh\u00f6ren: <a href=\"https:\/\/www.dropbox.com\/sh\/7m4mee6uhu4o38f\/AADG8Xrk6PYSfcB-q6pLp1CPa?dl=0\" target=\"_blank\" rel=\"noopener\">https:\/\/www.dropbox.com\/sh\/7m4mee6uhu4o38f\/AADG8Xrk6PYSfcB-q6pLp1CPa?dl=0<\/a><\/p>\n","protected":false},"excerpt":{"rendered":"<p>Videos Vortrag Online &#8211; Oster -Retreat w\u00e4hrend der Corona-Pandemie April 2020: &#8222;Pl\u00f6tzlich h\u00f6re ich das Fl\u00fcstern der Fr\u00fchlingswinde und die Verzweiflung ist fort.&#8220; Teil 1 Pl\u00f6tzlich h\u00f6re ich das Fl\u00fcstern der Fr\u00fchlingswinde und die Verzweiflung ist fort. Teil 2 Meditations-Retreat Online f\u00fcr Menschen aus der Tierrechtsbewegung,\u00a0\u00a0\u00a0\u00a0\u00a0\u00a0\u00a0\u00a0\u00a0\u00a0\u00a0 Dezember 2021: &#8222;Unser Herz f\u00fcr die Freude und den &hellip; <a href=\"https:\/\/annabellezinser.de\/?page_id=90\" class=\"more-link\"><span class=\"screen-reader-text\">\u201eVideos und Audios\u201c<\/span> weiterlesen<\/a><\/p>\n","protected":false},"author":1,"featured_media":0,"parent":0,"menu_order":0,"comment_status":"closed","ping_status":"closed","template":"","meta":[],"_links":{"self":[{"href":"https:\/\/annabellezinser.de\/index.php?rest_route=\/wp\/v2\/pages\/90"}],"collection":[{"href":"https:\/\/annabellezinser.de\/index.php?rest_route=\/wp\/v2\/pages"}],"about":[{"href":"https:\/\/annabellezinser.de\/index.php?rest_route=\/wp\/v2\/types\/page"}],"author":[{"embeddable":true,"href":"https:\/\/annabellezinser.de\/index.php?rest_route=\/wp\/v2\/users\/1"}],"replies":[{"embeddable":true,"href":"https:\/\/annabellezinser.de\/index.php?rest_route=%2Fwp%2Fv2%2Fcomments&post=90"}],"version-history":[{"count":9,"href":"https:\/\/annabellezinser.de\/index.php?rest_route=\/wp\/v2\/pages\/90\/revisions"}],"predecessor-version":[{"id":181,"href":"https:\/\/annabellezinser.de\/index.php?rest_route=\/wp\/v2\/pages\/90\/revisions\/181"}],"wp:attachment":[{"href":"https:\/\/annabellezinser.de\/index.php?rest_route=%2Fwp%2Fv2%2Fmedia&parent=90"}],"curies":[{"name":"wp","href":"https:\/\/api.w.org\/{rel}","templated":true}]}}