{"id":77,"date":"2023-01-17T13:26:16","date_gmt":"2023-01-17T13:26:16","guid":{"rendered":"https:\/\/annabellezinser.de\/?page_id=77"},"modified":"2023-03-07T12:02:06","modified_gmt":"2023-03-07T12:02:06","slug":"veroeffentlichungen","status":"publish","type":"page","link":"https:\/\/annabellezinser.de\/?page_id=77","title":{"rendered":"Ver\u00f6ffentlichungen"},"content":{"rendered":"\n<figure class=\"wp-block-table\"><table><tbody><tr><td><img decoding=\"async\" loading=\"lazy\" width=\"316\" height=\"499\" class=\"wp-image-79\" style=\"width: 150px;\" src=\"https:\/\/annabellezinser.de\/wp-content\/uploads\/2023\/01\/herzenswege.jpg\" alt=\"\" srcset=\"https:\/\/annabellezinser.de\/wp-content\/uploads\/2023\/01\/herzenswege.jpg 316w, https:\/\/annabellezinser.de\/wp-content\/uploads\/2023\/01\/herzenswege-190x300.jpg 190w\" sizes=\"(max-width: 316px) 85vw, 316px\" \/><br><br>Annabelle Zinser<br><em><strong>Herzenswege<\/strong><\/em><br>Meditationen zur Heilung und Transformation Mit CD im MP3-Format 192 Seiten,<br>gebunden \u20ac (D) 19,90, \u20ac (A) 20,50, CHF 34,90, ISBN 978-3-942085-09-0<br><br>2. Auflage Oktober 2011<\/td><td><img decoding=\"async\" loading=\"lazy\" width=\"103\" height=\"151\" class=\"wp-image-80\" style=\"width: 150px;\" src=\"https:\/\/annabellezinser.de\/wp-content\/uploads\/2023\/01\/smallbites.jpg\" alt=\"\"><br><br>Annabelle Zinser<br><strong>Small bites<\/strong><br>ISBN: 978-1-937006-24-2, paperback original, 160 pages.<br>$14.95<br>\u00dcbersetzung aus dem Deutschen, Originaltitel: &#8222;Herzenswege&#8220;160 pages.<\/td><\/tr><tr><td><img decoding=\"async\" loading=\"lazy\" width=\"170\" height=\"266\" class=\"wp-image-81\" style=\"width: 150px;\" src=\"https:\/\/annabellezinser.de\/wp-content\/uploads\/2023\/01\/sammelband.jpg\" alt=\"\"><br><br><strong><em>Leben mit dem Herzen eines Buddha<\/em><\/strong><br>Herausgeber Ulrich Pfeifer-Schaupp<br>Beitrag von Annabelle Zinser: &#8222;Tiere sind f\u00fchlende Wesen wie wir&#8220;<br><br>280 Seiten Broschur 13.7 cm \u00d7 21.5 cm ISBN 9783867811705 16,90 \u20ac<\/td><td><img decoding=\"async\" loading=\"lazy\" width=\"800\" height=\"1147\" class=\"wp-image-84\" style=\"width: 160px;\" src=\"https:\/\/annabellezinser.de\/wp-content\/uploads\/2023\/01\/deckblatt_tiere-1.gif\" alt=\"\"><br><br>Annabelle Zinser<br><strong><em>&#8222;Tiere sind f\u00fchlende Wesen wie wir&#8220; <\/em><\/strong>Brosch\u00fcre, 24 Seiten<br><a href=\"https:\/\/annabellezinser.de\/wp-content\/uploads\/2023\/01\/Tiere-sind-fuehlende-Wesen_sept-2019.pdf\" target=\"_blank\" rel=\"noreferrer noopener\">pdf zum herunterladen<\/a><\/td><\/tr><\/tbody><\/table><\/figure>\n\n\n\n<figure class=\"wp-block-table\"><table><tbody><tr><td><strong>Zahlreiche Beitr\u00e4ge in der &#8222;Intersein-Zeitschrift&#8220; und in &#8222;Buddhismus aktuell&#8220;, fr\u00fcher &#8222;Lotosbl\u00e4tter&#8220; zu unterschiedlichen Themen<\/strong><\/td><td><\/td><\/tr><\/tbody><\/table><\/figure>\n","protected":false},"excerpt":{"rendered":"<p>Annabelle ZinserHerzenswegeMeditationen zur Heilung und Transformation Mit CD im MP3-Format 192 Seiten,gebunden \u20ac (D) 19,90, \u20ac (A) 20,50, CHF 34,90, ISBN 978-3-942085-09-0 2. Auflage Oktober 2011 Annabelle ZinserSmall bitesISBN: 978-1-937006-24-2, paperback original, 160 pages.$14.95\u00dcbersetzung aus dem Deutschen, Originaltitel: &#8222;Herzenswege&#8220;160 pages. Leben mit dem Herzen eines BuddhaHerausgeber Ulrich Pfeifer-SchauppBeitrag von Annabelle Zinser: &#8222;Tiere sind f\u00fchlende Wesen &hellip; <a href=\"https:\/\/annabellezinser.de\/?page_id=77\" class=\"more-link\"><span class=\"screen-reader-text\">\u201eVer\u00f6ffentlichungen\u201c<\/span> weiterlesen<\/a><\/p>\n","protected":false},"author":1,"featured_media":0,"parent":0,"menu_order":0,"comment_status":"closed","ping_status":"closed","template":"","meta":[],"_links":{"self":[{"href":"https:\/\/annabellezinser.de\/index.php?rest_route=\/wp\/v2\/pages\/77"}],"collection":[{"href":"https:\/\/annabellezinser.de\/index.php?rest_route=\/wp\/v2\/pages"}],"about":[{"href":"https:\/\/annabellezinser.de\/index.php?rest_route=\/wp\/v2\/types\/page"}],"author":[{"embeddable":true,"href":"https:\/\/annabellezinser.de\/index.php?rest_route=\/wp\/v2\/users\/1"}],"replies":[{"embeddable":true,"href":"https:\/\/annabellezinser.de\/index.php?rest_route=%2Fwp%2Fv2%2Fcomments&post=77"}],"version-history":[{"count":4,"href":"https:\/\/annabellezinser.de\/index.php?rest_route=\/wp\/v2\/pages\/77\/revisions"}],"predecessor-version":[{"id":167,"href":"https:\/\/annabellezinser.de\/index.php?rest_route=\/wp\/v2\/pages\/77\/revisions\/167"}],"wp:attachment":[{"href":"https:\/\/annabellezinser.de\/index.php?rest_route=%2Fwp%2Fv2%2Fmedia&parent=77"}],"curies":[{"name":"wp","href":"https:\/\/api.w.org\/{rel}","templated":true}]}}