{"id":69,"date":"2023-01-17T11:39:13","date_gmt":"2023-01-17T11:39:13","guid":{"rendered":"https:\/\/annabellezinser.de\/?page_id=69"},"modified":"2024-12-03T10:06:48","modified_gmt":"2024-12-03T10:06:48","slug":"tierethik","status":"publish","type":"page","link":"https:\/\/annabellezinser.de\/?page_id=69","title":{"rendered":"Tierethik"},"content":{"rendered":"<p><strong>Treffen per ZOOM f\u00fcr Menschen aus der Tierrechtsbewegung<\/strong>, die Interesse an Meditation haben: an jedem ersten Mittwoch im Monat um 19.30 Uhr. Anmeldung und ZOOM-Link bekommt Ihr bei: corbrut1@posteo.de<\/p>\n<p><img decoding=\"async\" loading=\"lazy\" class=\"alignright wp-image-75\" src=\"https:\/\/annabellezinser.de\/wp-content\/uploads\/2023\/01\/20181006_135152-576x1024.jpg\" alt=\"\" width=\"300\" height=\"533\" srcset=\"https:\/\/annabellezinser.de\/wp-content\/uploads\/2023\/01\/20181006_135152-576x1024.jpg 576w, https:\/\/annabellezinser.de\/wp-content\/uploads\/2023\/01\/20181006_135152-169x300.jpg 169w, https:\/\/annabellezinser.de\/wp-content\/uploads\/2023\/01\/20181006_135152-768x1365.jpg 768w, https:\/\/annabellezinser.de\/wp-content\/uploads\/2023\/01\/20181006_135152-864x1536.jpg 864w, https:\/\/annabellezinser.de\/wp-content\/uploads\/2023\/01\/20181006_135152-1152x2048.jpg 1152w, https:\/\/annabellezinser.de\/wp-content\/uploads\/2023\/01\/20181006_135152-1200x2133.jpg 1200w, https:\/\/annabellezinser.de\/wp-content\/uploads\/2023\/01\/20181006_135152-scaled.jpg 1440w\" sizes=\"(max-width: 300px) 85vw, 300px\" \/>Wie k\u00f6nnen wir ein friedvolles und liebevolles Leben entwickeln und unsere Augen und Ohren f\u00fcr unser Verbunden-Sein mit den Tieren entwickeln? Eine zentrale \u00dcbung der buddhistischen Ethik besteht darin, dass wir andere Wesen, mit denen wir diesen Planeten teilen, durch die Art und Weise unseres Konsumverhaltens, zum Beispiel unseres Essens nicht verletzen oder t\u00f6ten.<\/p>\n<p><strong>&#8222;Tiere sind f\u00fchlende Wesen wie wir&#8220;<\/strong><\/p>\n<div>\n<p>Diese Brosch\u00fcre von Annabelle Zinser k\u00f6nnt Ihr hier als pdf herunterladen, wir senden sie Euch auch gerne zu. Sie ist auch auf englisch und holl\u00e4ndisch erschienen. Auf Anfrage senden wir sie Euch gerne zu: quelledesmitgefuehls@web.de<\/p>\n<p>Tiere sind f\u00fchlende Wesen wie wir: <a href=\"https:\/\/annabellezinser.de\/wp-content\/uploads\/2023\/01\/Tiere-sind-fuehlende-Wesen_sept-2019.pdf\">pdf zum download<\/a><\/p>\n<p><img decoding=\"async\" loading=\"lazy\" class=\"alignnone wp-image-73 size-large\" src=\"https:\/\/annabellezinser.de\/wp-content\/uploads\/2023\/01\/DSCN3642-1024x768.jpg\" alt=\"\" width=\"840\" height=\"630\" srcset=\"https:\/\/annabellezinser.de\/wp-content\/uploads\/2023\/01\/DSCN3642-1024x768.jpg 1024w, https:\/\/annabellezinser.de\/wp-content\/uploads\/2023\/01\/DSCN3642-300x225.jpg 300w, https:\/\/annabellezinser.de\/wp-content\/uploads\/2023\/01\/DSCN3642-768x576.jpg 768w, https:\/\/annabellezinser.de\/wp-content\/uploads\/2023\/01\/DSCN3642-1536x1152.jpg 1536w, https:\/\/annabellezinser.de\/wp-content\/uploads\/2023\/01\/DSCN3642-2048x1536.jpg 2048w, https:\/\/annabellezinser.de\/wp-content\/uploads\/2023\/01\/DSCN3642-1200x900.jpg 1200w\" sizes=\"(max-width: 709px) 85vw, (max-width: 909px) 67vw, (max-width: 1362px) 62vw, 840px\" \/><\/p>\n<\/div>\n<div>&#8222;Tiefes Verstehen macht es uns immer mehr m\u00f6glich, alte liebgewonnene Gewohnheitsenergien des Geschmacks zu ver\u00e4ndern, die die Tiere verletzen und t\u00f6ten und uns f\u00fcr neue Geschmackempfindungen zu \u00f6ffnen und eine einfache vegane K\u00fcche &#8211; ohne tierliche Produkte &#8211; zu entwickeln, die weniger Leiden bei anderen Lebewesen und der ganzen Umwelt produziert.&#8220;<\/div>\n<div>&#8222;Wenn wir Menschen die Tiere als f\u00fchlende Wesen verstehen, h\u00f6ren wir auf, sie als Waren anzusehen, die gez\u00fcchtet werden, um uns als Nahrung, Kleidung, Versuchstiere f\u00fcr Medikamente und Verhaltensforschung zu dienen.&#8220;<\/div>\n<div>( aus: &#8222;Tiere sind f\u00fchlende Wesen wie wir&#8220;)<\/p>\n<p><a href=\"https:\/\/www.youtube.com\/watch?v=VYTNjmwu5MA\">&#8222;Animal Liberation Song&#8220; gesungen von Lea und Lee; Text und Kompostion von Ernesto Melchor<\/a><\/p>\n<\/div>\n<div><strong>\u00a0<\/strong><\/div>\n<div><strong>Wer sich f\u00fcr Tierethik interessiert:<\/strong><strong><br \/>\n<\/strong><\/div>\n<div><strong>Hilal Sezgin<\/strong>, &#8222;Artgerecht ist nur die Freiheit &#8211; eine Ethik f\u00fcr Tiere oder Warum wir umdenken m\u00fcssen&#8220;,\u00a0 diesselbe Autorin : &#8222;Hilal Sezgins Tierleben&#8220; CH Beck Verlag<\/div>\n<div><strong>Theresia Raberger<\/strong>: &#8222;Alles ist ein Leben&#8220;, Gespr\u00e4che mit der Franziskanerin, Zen-Priesterin und Tiersch\u00fctzerin; Edition Steinrich<\/div>\n<div><strong>Matthieu Ricard<\/strong>: &#8222;Pl\u00e4doyer f\u00fcr die Tiere&#8220;; Nymphenburger Verlag<\/div>\n<div><strong>Elisabeth Sch\u00f6n<\/strong>: &#8222;Die Geschichte einer kosmischen Liebe&#8220; www.teamvegan<\/div>\n<p><strong>Wer sich f\u00fcr vegane Ern\u00e4hrung &#8211; ohne tierliche Produkte- interessiert: <\/strong><strong><br \/>\n<\/strong>www.albert-schweitzer-stiftung.de; www.vegan-taste-week.de; www.proveg.de; www.peta.de;<\/p>\n<div>Filme zum Thema Veganismus: Marc Pierschel: &#8222;Live and let live&#8220;; &#8222;The End of Meat&#8220;<\/div>\n<div><strong>\u00a0<\/strong><\/div>\n<div><strong>Filme Tierrechtsbewegung und Meditation:<br \/>\n<\/strong>&#8222;MediTiere&#8220; von Erika Eichenberger :<\/p>\n<div class=\"\">Deutsch:\u00a0<a class=\"\" href=\"https:\/\/youtu.be\/dFWnf-KSIEM\">https:\/\/youtu.be\/dFWnf-KSIEM<\/a><\/div>\n<div class=\"\">Englisch:\u00a0<a class=\"\" href=\"https:\/\/youtu.be\/gwBAFzRvrR4\">https:\/\/youtu.be\/gwBAFzRvrR4<\/a><\/div>\n<div class=\"\"><\/div>\n<div class=\"\"><strong>allgemein Tiere:<br \/>\n<\/strong>&#8222;Janes Journey&#8220; \u00fcber Jane Goodall<strong><br \/>\n<\/strong><\/div>\n<\/div>\n<div><strong>\u00a0<\/strong><\/div>\n<div><strong>Die f\u00fcnf Betrachtungen zum Essen:<br \/>\n<\/strong><\/div>\n<p>1. Dieses Essen ist ein Geschenk des ganzen Universums, der Erde, des Himmels und von viel achtsamer und liebevoller Arbeit.<br \/>\n2. Wir sind bereit,\u00a0 in Achtsamkeit essen, damit wir dieses Geschenks w\u00fcrdig sind.<br \/>\n3. Wir sind bereit,\u00a0\u00a0 unsere unheilsamen Geisteszust\u00e4nde umzuwandeln, besonders unsere Gier und ma\u00dfvoll zu essen.<br \/>\n4. Wir sind bereit,\u00a0 nur solche Nahrung zu uns nehmen, die uns n\u00e4hrt und uns selbst, anderen Wesen und dem Planeten nicht schadet und den Prozess der globalen Erw\u00e4rmung r\u00fcckg\u00e4ngig macht.<br \/>\n5. Wir nehmen dieses Essen an, um den Weg des Verstehens und der Liebe zu verwirklichen und mit unseren Freundinnen und Freunden, mit unserer Gemeinschaft in Harmonie zu leben.<\/p>\n","protected":false},"excerpt":{"rendered":"<p>Treffen per ZOOM f\u00fcr Menschen aus der Tierrechtsbewegung, die Interesse an Meditation haben: an jedem ersten Mittwoch im Monat um 19.30 Uhr. Anmeldung und ZOOM-Link bekommt Ihr bei: corbrut1@posteo.de Wie k\u00f6nnen wir ein friedvolles und liebevolles Leben entwickeln und unsere Augen und Ohren f\u00fcr unser Verbunden-Sein mit den Tieren entwickeln? Eine zentrale \u00dcbung der buddhistischen &hellip; <a href=\"https:\/\/annabellezinser.de\/?page_id=69\" class=\"more-link\"><span class=\"screen-reader-text\">\u201eTierethik\u201c<\/span> weiterlesen<\/a><\/p>\n","protected":false},"author":1,"featured_media":0,"parent":0,"menu_order":0,"comment_status":"closed","ping_status":"closed","template":"","meta":[],"_links":{"self":[{"href":"https:\/\/annabellezinser.de\/index.php?rest_route=\/wp\/v2\/pages\/69"}],"collection":[{"href":"https:\/\/annabellezinser.de\/index.php?rest_route=\/wp\/v2\/pages"}],"about":[{"href":"https:\/\/annabellezinser.de\/index.php?rest_route=\/wp\/v2\/types\/page"}],"author":[{"embeddable":true,"href":"https:\/\/annabellezinser.de\/index.php?rest_route=\/wp\/v2\/users\/1"}],"replies":[{"embeddable":true,"href":"https:\/\/annabellezinser.de\/index.php?rest_route=%2Fwp%2Fv2%2Fcomments&post=69"}],"version-history":[{"count":11,"href":"https:\/\/annabellezinser.de\/index.php?rest_route=\/wp\/v2\/pages\/69\/revisions"}],"predecessor-version":[{"id":219,"href":"https:\/\/annabellezinser.de\/index.php?rest_route=\/wp\/v2\/pages\/69\/revisions\/219"}],"wp:attachment":[{"href":"https:\/\/annabellezinser.de\/index.php?rest_route=%2Fwp%2Fv2%2Fmedia&parent=69"}],"curies":[{"name":"wp","href":"https:\/\/api.w.org\/{rel}","templated":true}]}}