{"id":59,"date":"2023-01-17T10:16:23","date_gmt":"2023-01-17T10:16:23","guid":{"rendered":"https:\/\/annabellezinser.de\/?page_id=59"},"modified":"2023-01-17T10:16:23","modified_gmt":"2023-01-17T10:16:23","slug":"die-fuenf-achtsamkeitsuebungen","status":"publish","type":"page","link":"https:\/\/annabellezinser.de\/?page_id=59","title":{"rendered":"Die F\u00fcnf Achtsamkeits\u00fcbungen"},"content":{"rendered":"<h3>Die erste Achtsamkeits\u00fcbung: Ehrfurcht vor dem Leben<\/h3>\n<p>Im Bewusstsein des Leidens, das durch die Zerst\u00f6rung von Leben entsteht, bin ich entschlossen, Mitgef\u00fchl und Einsicht in das \u201eIntersein\u201c zu entwickeln und Wege zu erlernen, das Leben von Menschen, Tieren, Pflanzen und unserer Erde zu sch\u00fctzen. Ich bin entschlossen, nicht zu t\u00f6ten, es nicht zuzulassen, dass andere t\u00f6ten, und keine Form des T\u00f6tens zu unterst\u00fctzen, weder in der Welt noch in meinem Denken oder in meiner Lebensweise.<br \/>\nIm Wissen, dass sch\u00e4dliche Handlungen aus \u00c4rger, Angst, Gier und Intoleranz entstehen, die ihrerseits dualistischem und diskriminierendem Denken entspringen, werde ich mich in Unvoreingenommenheit und Nicht-Festhalten an Ansichten \u00fcben, um Gewalt, Fanatismus und Dogmatismus in mir selbst und in der Welt zu transformieren.<\/p>\n<h3>Die zweite Achtsamkeits\u00fcbung: Wahres Gl\u00fcck<\/h3>\n<p>Im Bewusstsein des Leidens, das durch Ausbeutung, soziale Ungerechtigkeit, Diebstahl und Unterdr\u00fcckung entsteht, bin ich entschlossen, Gro\u00dfz\u00fcgigkeit in meinem Denken, Reden und Handeln zu praktizieren. Ich bin entschlossen, nicht zu stehlen und nichts zu besitzen, was anderen zusteht. Ich werde meine Zeit, Energie und materiellen Mittel mit denen teilen, die sie brauchen. Ich werde mich in tiefem Schauen \u00fcben, um zu erkennen, dass das Gl\u00fcck und das Leiden anderer nicht getrennt sind von meinem Gl\u00fcck und meinem Leiden, dass wahres Gl\u00fcck nur m\u00f6glich ist mit Verstehen und Mitgef\u00fchl und dass es viel Leiden und Verzweiflung bringen kann, hinter Reichtum, Ruhm, Macht und sinnlichem Vergn\u00fcgen herzujagen. Ich bin mir bewusst, dass Gl\u00fccklichsein von meiner geistigen Haltung und nicht von \u00e4u\u00dferen Umst\u00e4nden abh\u00e4ngig ist und dass ich gl\u00fccklich im gegenw\u00e4rtigen Augenblick leben kann, indem ich mich daran erinnere, dass ich bereits mehr als genug Bedingungen habe, um gl\u00fccklich zu sein. Ich bin entschlossen, \u201eRechten Lebenserwerb\u201c zu praktizieren, um so dazu beizutragen, das Leiden der Lebewesen auf dieser Erde zu verringern und den Prozess der globalen Erw\u00e4rmung umzukehren.<\/p>\n<h3>Die dritte Achtsamkeits\u00fcbung: Wahre Liebe<\/h3>\n<p>In dem Bewusstsein, das durch sexuelles Fehlverhalten Leiden entsteht, bin ich entschlossen, Verantwortungsgef\u00fchl zu entwickeln und Wege zu erlernen, die Sicherheit und Integrit\u00e4t von Individuen, Paaren, Familien und der Gesellschaft zu sch\u00fctzen. In dem Wissen, dass sexuelles Verlangen nicht Liebe ist und dass sexuelles Handeln, durch Begierde motiviert, immer sowohl mir als auch anderen schadet, bin ich entschlossen, keine sexuelle Beziehung einzugehen ohne gegenseitiges Einverst\u00e4ndnis, wahre Liebe und die Bereitschaft zu einer tiefen, langfristigen und verantwortungsvollen Bindung. Zur spirituellen Unterst\u00fctzung der Integrit\u00e4t meiner Beziehung beschlie\u00dfe ich, mich an die Familienmitglieder, Freundinnen, Freunden und die Sangha zu wenden, zu denen ein unterst\u00fctzendes und vertrauensvolles Verh\u00e4ltnis besteht. Ich werde alles tun, was in meiner Macht steht, um Kinder vor sexuellem Missbrauch zu sch\u00fctzen und um zu verhindern, dass Paare oder Familien durch sexuelles Fehlverhalten auseinanderbrechen. In dem Bewusstsein, dass K\u00f6rper und Geist wechselseitig miteinander verbunden sind, bin ich entschlossen, geeignete Wege zu erlernen, um gut mit meiner sexuellen Energie umzugehen und die vier grundlegenden Elemente wahrer Liebe \u2013 liebevolle G\u00fcte, Mitgef\u00fchl, Freude und Unvoreingenommenheit \u2013 zu entwickeln, sodass mein eigenes Gl\u00fcck und das Gl\u00fcck von anderen wachsen k\u00f6nnen. Ich erkenne die Vielfalt menschlicher Erfahrungen an und verpflichte mich, keine der verschiedenen Formen von Geschlechtsidentit\u00e4t oder sexueller Orientierung zu diskriminieren. Indem wir uns in wahrer Liebe \u00fcben, setzen wir uns auf eine sehr sch\u00f6ne Weise in die Zukunft fort.<\/p>\n<h3>Die vierte Achtsamkeits\u00fcbung: Liebevolles Sprechen und tiefes Zuh\u00f6ren<\/h3>\n<p>Im Bewusstsein des Leidens, das durch unachtsame Rede und aus der Unf\u00e4higkeit, anderen zuzuh\u00f6ren, entsteht, bin ich entschlossen, liebevolles Sprechen und mitf\u00fchlendes Zuh\u00f6ren zu \u00fcben, um Leiden zu lindern und Vers\u00f6hnung und Frieden in mir und zwischen anderen Menschen, ethnischen und religi\u00f6sen Gruppen und Nationen zu f\u00f6rdern. Im Wissen, dass Worte sowohl Gl\u00fcck als auch Leiden hervorrufen k\u00f6nnen, bin ich entschlossen, wahrhaftig zu sprechen und Worte zu gebrauchen, die Vertrauen, Freude und Hoffnung wecken. Wenn \u00c4rger in mir aufsteigt, bin ich entschlossen, nicht zu sprechen. Ich werde achtsames Atmen und Gehen praktizieren, um meinen \u00c4rger zu erkennen und tief in seine Wurzeln zu schauen, besonders in meine falschen Wahrnehmungen und mein fehlendes Verst\u00e4ndnis f\u00fcr mein eigenes Leiden und das der anderen Person. Ich werde in einer Weise sprechen und zuh\u00f6ren, die mir und dem anderen helfen kann, Leiden zu transformieren und einen Weg aus schwierigen Situationen zu finden. Ich bin entschlossen, keine Nachrichten zu verbreiten, wenn ich nicht sicher bin, dass sie der Wahrheit entsprechen, und \u00c4u\u00dferungen zu unterlassen, die Trennung oder Uneinigkeit verursachen k\u00f6nnen. Ich werde \u201eRechtes Bem\u00fchen\u201c praktizieren, um meine F\u00e4higkeit zu Liebe, Verstehen, Freude und Unvoreingenommenheit zu n\u00e4hren und um allm\u00e4hlich \u00c4rger, Gewalt und Angst, die tief in meinem Bewusstsein liegen, zu verwandeln.<\/p>\n<h3>Die f\u00fcnfte Achtsamkeits\u00fcbung: Nahrung und Heilung<\/h3>\n<p>Im Bewusstsein des Leidens, das durch unachtsamen Konsum entsteht, bin ich entschlossen, auf k\u00f6rperliche und geistige Gesundheit f\u00fcr mich selbst, meine Familie und meine Gesellschaft zu achten, indem ich achtsames Essen, Trinken und Konsumieren praktiziere. Ich werde mich darin \u00fcben, tief zu schauen, um meinen Konsum und meinen Umgang mit den vier Arten von Nahrung \u2013 Essbarem, Sinneseindr\u00fccken, Willenskraft und Bewusstsein \u2013 zu erkennen. Ich bin entschlossen, weder Alkohol noch Drogen oder andere Dinge zu benutzen, die Gifte enthalten, wie z.B. bestimmte Internetseiten, Gl\u00fccksspiele, elektronische Spiele, Fernsehsendungen, Filme, Zeitschriften, B\u00fccher oder Gespr\u00e4che. Ich werde mich darin \u00fcben, zum gegenw\u00e4rtigen Augenblick zur\u00fcckzukommen, um mit den erfrischenden, heilenden und n\u00e4hrenden Elementen in mir und um mich herum in Ber\u00fchrung zu sein. So lasse ich mich weder von Bedauern und Kummer in die Vergangenheit ziehen noch von Sorgen, Angst oder Begierden aus dem gegenw\u00e4rtigen Augenblick bringen. Ich bin entschlossen, nicht zu versuchen, Einsamkeit, Angst oder anderes Leiden zu \u00fcberdecken, indem ich mich im Konsum verliere. Ich werde das \u201eIntersein\u201c tief betrachten und auf eine Weise konsumieren, die Frieden, Freude und Wohlergehen sowohl in meinem K\u00f6rper und Bewusstsein als auch im kollektiven K\u00f6rper und Bewusstsein meiner Familie, meiner Gesellschaft und der ganzen Erde bewahrt.<\/p>\n","protected":false},"excerpt":{"rendered":"<p>Die erste Achtsamkeits\u00fcbung: Ehrfurcht vor dem Leben Im Bewusstsein des Leidens, das durch die Zerst\u00f6rung von Leben entsteht, bin ich entschlossen, Mitgef\u00fchl und Einsicht in das \u201eIntersein\u201c zu entwickeln und Wege zu erlernen, das Leben von Menschen, Tieren, Pflanzen und unserer Erde zu sch\u00fctzen. Ich bin entschlossen, nicht zu t\u00f6ten, es nicht zuzulassen, dass andere &hellip; <a href=\"https:\/\/annabellezinser.de\/?page_id=59\" class=\"more-link\"><span class=\"screen-reader-text\">\u201eDie F\u00fcnf Achtsamkeits\u00fcbungen\u201c<\/span> weiterlesen<\/a><\/p>\n","protected":false},"author":1,"featured_media":0,"parent":0,"menu_order":0,"comment_status":"closed","ping_status":"closed","template":"","meta":[],"_links":{"self":[{"href":"https:\/\/annabellezinser.de\/index.php?rest_route=\/wp\/v2\/pages\/59"}],"collection":[{"href":"https:\/\/annabellezinser.de\/index.php?rest_route=\/wp\/v2\/pages"}],"about":[{"href":"https:\/\/annabellezinser.de\/index.php?rest_route=\/wp\/v2\/types\/page"}],"author":[{"embeddable":true,"href":"https:\/\/annabellezinser.de\/index.php?rest_route=\/wp\/v2\/users\/1"}],"replies":[{"embeddable":true,"href":"https:\/\/annabellezinser.de\/index.php?rest_route=%2Fwp%2Fv2%2Fcomments&post=59"}],"version-history":[{"count":1,"href":"https:\/\/annabellezinser.de\/index.php?rest_route=\/wp\/v2\/pages\/59\/revisions"}],"predecessor-version":[{"id":60,"href":"https:\/\/annabellezinser.de\/index.php?rest_route=\/wp\/v2\/pages\/59\/revisions\/60"}],"wp:attachment":[{"href":"https:\/\/annabellezinser.de\/index.php?rest_route=%2Fwp%2Fv2%2Fmedia&parent=59"}],"curies":[{"name":"wp","href":"https:\/\/api.w.org\/{rel}","templated":true}]}}