{"id":17,"date":"2023-01-09T17:21:21","date_gmt":"2023-01-09T17:21:21","guid":{"rendered":"https:\/\/annabellezinser.de\/?page_id=17"},"modified":"2023-02-09T09:04:47","modified_gmt":"2023-02-09T09:04:47","slug":"quelle-des-mitgefuehls","status":"publish","type":"page","link":"https:\/\/annabellezinser.de\/?page_id=17","title":{"rendered":"Quelle des Mitgef\u00fchls"},"content":{"rendered":"\n<p>Buddhistisches Meditationshaus in der Tradition des vietnamesischen Zen-Meisters Thich Nhat Hanh und der &#8222;Plum Village&#8220;-Gemeinschaft<\/p>\n\n\n\n<p><img decoding=\"async\" loading=\"lazy\" width=\"1200\" height=\"879\" class=\"wp-image-45\" style=\"width: 300px;\" src=\"https:\/\/annabellezinser.de\/wp-content\/uploads\/2023\/01\/haus_startseite_web.jpg\" alt=\"\" srcset=\"https:\/\/annabellezinser.de\/wp-content\/uploads\/2023\/01\/haus_startseite_web.jpg 1200w, https:\/\/annabellezinser.de\/wp-content\/uploads\/2023\/01\/haus_startseite_web-300x220.jpg 300w, https:\/\/annabellezinser.de\/wp-content\/uploads\/2023\/01\/haus_startseite_web-1024x750.jpg 1024w, https:\/\/annabellezinser.de\/wp-content\/uploads\/2023\/01\/haus_startseite_web-768x563.jpg 768w\" sizes=\"(max-width: 709px) 85vw, (max-width: 909px) 67vw, (max-width: 1362px) 62vw, 840px\" \/><br><br>Heidenheimer Str. 27<br>13467 Berlin (Hermsdorf)<br>T: 030.405 865 40<br>Fax: 030.405 865 41<br>Internet: <a href=\"http:\/\/www.quelle-des-mitgefuehls.de\/\">www.quelle-des-mitgefuehls<\/a><br>Email :<a href=\"mailto:quelledesmitgefuehls@web.de\">quelledesmitgefuehls@web.de<\/a><br><br><br>Das Meditationszentrum befindet sich 5 Min. vom S-Bahnhof Hermsdorf entfernt.<br>Gut erreichbar ist es auch vom U-Bahnhof Alt-Tegel, dann Bus 125 bis Haltestelle Fellbacherstra\u00dfe, v.a. bei S-Bahn-Bau-Arbeiten an Wochenenden.<br><br>Das idyllische Haus dient uns als Pol der Ruhe und Besinnlichkeit. Fern ab vom Gro\u00dfstadtalltag helfen wir uns gegenseitig, unsere Achtsamkeit zu entwickeln und zu bewahren. Einige Wochen im Jahr wird unser Zentrum von einer Gruppe von Nonnen oder M\u00f6nchen aus&#8220; Plum Village&#8220; bewohnt und geleitet. Ansonsten wird das Programm von Laien aus der Gemeinschaft durchgef\u00fchrt.<br><br><strong>Wenn Sie das erste Mal oder unregelm\u00e4\u00dfig kommen, bitten wir Sie anzurufen, um unser augenblickliches Programm \u00fcber AB zu erfahren. Unsere Gruppen sind offen.<\/strong><br><br><br><strong>w\u00f6chentliche Termine<\/strong><br><strong>Dienstag 19 &#8211; 21 Uhr<\/strong><br>Geleitete und stille Sitz-und Gehmeditation, unterschiedliche Themen und Austausch<br><br><strong>Freitag 19 &#8211; 21.15 Uhr<\/strong><br>Geleitete und stille Sitz- und Gehmeditation, K\u00f6rper\u00fcbungen, unterschiedliche Themen, Tiefenentspannung und Austausch<br><br><strong> Achtsamkeits-Sonntage in unregelm\u00e4\u00dfigen Abst\u00e4nden, siehe Webseite <\/strong><\/p>\n\n\n\n<p><strong>10 bis ca. 16 Uhr<\/strong><br>Geleitete und stille Sitz- und Geh-Meditation,  Vortrag zu unterschiedlichen Themen, Ess-Meditation, Tiefenentspannung,  Erdber\u00fchrungen, K\u00f6rper\u00fcbungen und Austausch oder Teezeremonie.<br><br>Gem\u00e4\u00df der buddhistischen Tradition bitten wir Sie f\u00fcr unsere Aktivit\u00e4ten um Dana (Gro\u00dfz\u00fcgigkeit und Freigiebigkeit), d.h. um Spenden f\u00fcr den Erhalt des Zentrums. Wir wollen mit dem Zentrum zu mehr Frieden in uns und in der Welt beitragen und freuen uns sehr, wenn Sie das Zentrum mit einem regelm\u00e4\u00dfigen, monatlichen Beitrag (abzugsf\u00e4hig) unterst\u00fctzen: Unser Konto bei der Postbank Berlin:<br><br>&#8222;Quelle des Mitgef\u00fchls&#8220; e.V.<br>BIC: GENODEM1GLS<br>IBAN: DE444306 0967 1129 074 400<br>Kto.Nr. 11 29 07 44 00<br>BLZ: 430 609 67<br>GLS Bank<br><br><strong>Unser aktuelles Programm und Seminare, Gastkurse usw<\/strong> erfahren sie \u00fcber  unsere Webseite: <a rel=\"noreferrer noopener\" href=\"http:\/\/www.quelle-des-mitgefuehls.de\/\" target=\"_blank\">www.quelle-des-mitgefuehls.de<\/a><\/p>\n","protected":false},"excerpt":{"rendered":"<p>Buddhistisches Meditationshaus in der Tradition des vietnamesischen Zen-Meisters Thich Nhat Hanh und der &#8222;Plum Village&#8220;-Gemeinschaft Heidenheimer Str. 2713467 Berlin (Hermsdorf)T: 030.405 865 40Fax: 030.405 865 41Internet: www.quelle-des-mitgefuehlsEmail :quelledesmitgefuehls@web.de Das Meditationszentrum befindet sich 5 Min. vom S-Bahnhof Hermsdorf entfernt.Gut erreichbar ist es auch vom U-Bahnhof Alt-Tegel, dann Bus 125 bis Haltestelle Fellbacherstra\u00dfe, v.a. bei S-Bahn-Bau-Arbeiten an &hellip; <a href=\"https:\/\/annabellezinser.de\/?page_id=17\" class=\"more-link\"><span class=\"screen-reader-text\">\u201eQuelle des Mitgef\u00fchls\u201c<\/span> weiterlesen<\/a><\/p>\n","protected":false},"author":1,"featured_media":0,"parent":0,"menu_order":0,"comment_status":"closed","ping_status":"closed","template":"","meta":[],"_links":{"self":[{"href":"https:\/\/annabellezinser.de\/index.php?rest_route=\/wp\/v2\/pages\/17"}],"collection":[{"href":"https:\/\/annabellezinser.de\/index.php?rest_route=\/wp\/v2\/pages"}],"about":[{"href":"https:\/\/annabellezinser.de\/index.php?rest_route=\/wp\/v2\/types\/page"}],"author":[{"embeddable":true,"href":"https:\/\/annabellezinser.de\/index.php?rest_route=\/wp\/v2\/users\/1"}],"replies":[{"embeddable":true,"href":"https:\/\/annabellezinser.de\/index.php?rest_route=%2Fwp%2Fv2%2Fcomments&post=17"}],"version-history":[{"count":5,"href":"https:\/\/annabellezinser.de\/index.php?rest_route=\/wp\/v2\/pages\/17\/revisions"}],"predecessor-version":[{"id":149,"href":"https:\/\/annabellezinser.de\/index.php?rest_route=\/wp\/v2\/pages\/17\/revisions\/149"}],"wp:attachment":[{"href":"https:\/\/annabellezinser.de\/index.php?rest_route=%2Fwp%2Fv2%2Fmedia&parent=17"}],"curies":[{"name":"wp","href":"https:\/\/api.w.org\/{rel}","templated":true}]}}