{"id":15,"date":"2023-01-09T17:20:53","date_gmt":"2023-01-09T17:20:53","guid":{"rendered":"https:\/\/annabellezinser.de\/?page_id=15"},"modified":"2026-02-10T11:47:39","modified_gmt":"2026-02-10T11:47:39","slug":"kurse","status":"publish","type":"page","link":"https:\/\/annabellezinser.de\/?page_id=15","title":{"rendered":"Kurse"},"content":{"rendered":"\n<p><\/p>\n\n\n<h5>Praxisabende und Meditationskurse<\/h5>\n<p><strong> Leitung von laufenden Meditationsabenden und Achtsamkeitssonntagen<\/strong><br \/>in der &#8222;Quelle des Mitgef\u00fchls&#8220;, \u00dcbungszentrum in der Tradition des vietnamesischen Zen- Meisters Thich Nhat Hanh<\/p>\n<p><strong>Dienstag und Freitag &#8211; Abend<\/strong> 19-21 Uhr<\/p>\n<p><strong>Dienstag<\/strong> auch per ZOOM, bitte erfragen bei <a href=\"mailto:quelledesmitgefuehls@web.de\">quelledesmitgefuehls@web.de\u00a0 <\/a><br \/>Heidenheimerstr. 27<br \/>13467 Berlin-Hermsdorf <br \/>T. 030-405 865 40<\/p>\n<p>Webseite: <a href=\"http:\/\/www.quelle-des-mitgefuehls.de\/\">www.quelle-des-mitgefuehls.de<\/a><br \/>Email: <a href=\"mailto:quelledesmitgefuehls@web.de\">quelledesmitgefuehls@web.de <\/a><\/p>\n<h5><strong>Meditationskurse 2026 mit Annabelle Zinser<\/strong><\/h5>\n<p><strong>29. Dezember 2025 &#8211; 1. Januar 2026<br \/><\/strong><strong>Sylvesterretreat \u2013 Achtsamkeitsmeditation zwischen den Zeiten:<\/strong><br \/><strong>Liebe und folge dem freudvollen Weg \u2013 dem stillen Weg zum gl\u00fccklichen Land (Dhammapada)<\/strong><\/p>\n<p>Retreat: mit \u00dcbernachtung und Verpflegung, bitte Bettw\u00e4sche mitbringen<br \/>Grundgeb\u00fchr: 180 \u20ac f\u00fcr Unterkunft und Verpflegung<br \/>Dana: Spende f\u00fcr den Lebensunterhalt der Kursleiterin am Ende des Kurses<br \/>Zeiten: Fr 18 Uhr &#8211; Mo 15 Uhr<br \/><strong>Ort: <\/strong>Quelle des Mitgef\u00fchls, Heidenheimer Str. 27, 13467 Berlin<strong><br \/>Anmeldung: <\/strong>T. 030 \/ 405 865 40, <a href=\"http:\/\/www.quelle-des-mitgefuehls.de\/\" target=\"_blank\" rel=\"noopener noreferrer\">www.quelle-des-mitgefuehls.de<\/a><br \/>Email: <a href=\"mailto:quelledesmitgefuehls@web.de\" target=\"_blank\" rel=\"noopener noreferrer\">quelledesmitgefuehls@web<\/a><\/p>\n<p>Geleitete und stille Sitz \u2013 und Gehmeditation, Vortrag, achtsamer Austausch oder Tee-Meditation, Ess-Meditation, kleine Wanderungen und Tiefenentspannung.<br \/>Gr\u00f6\u00dftenteils im Edlen Schweigen<\/p>\n<hr \/>\n<p><strong>3.-6. April 2026<\/strong><br \/><strong>Osterretreat \u2013 Achtsamkeitsmeditation<br \/><\/strong><strong>\u201eDie Freude des Anf\u00e4nger*innen-Geistes\u201c<\/strong><\/p>\n<p>Retreat: mit \u00dcbernachtung und Verpflegung, bitte Bettw\u00e4sche mitbringen oder f\u00fcr 15 Euro ausleihe<br \/>Grundgeb\u00fchr: 180 \u20ac f\u00fcr Unterkunft und vegane\u00a0 Verpflegung<br \/>Dana: Spende f\u00fcr die Kursleiterin am Ende des Kurses<br \/>Zeiten: Fr 18 Uhr &#8211; Mo 15 Uhr<br \/><strong>Ort: <\/strong>Quelle des Mitgef\u00fchls, Heidenheimer Str. 27, 13467 Berlin<strong><br \/>Anmeldung: <\/strong>T. 030 \/ 405 865 40, <a href=\"http:\/\/www.quelle-des-mitgefuehls.de\/\" target=\"_blank\" rel=\"noopener noreferrer\">www.quelle-des-mitgefuehls.de<\/a><br \/>Email: <a href=\"mailto:quelledesmitgefuehls@web.de\" target=\"_blank\" rel=\"noopener noreferrer\">quelledesmitgefuehls@web.de<\/a><\/p>\n<p style=\"font-weight: 400;\">Ich atme ein und bin bereit, alle meine Sorgen und \u00c4ngste loszulassen.<\/p>\n<p style=\"font-weight: 400;\">Ich atme aus und sp\u00fcre jeden Schritt auf dem Weg zu meiner Freiheit.<\/p>\n<p style=\"font-weight: 400;\">Es ist so sch\u00f6n, in jedem Augenblick ganz da zu sein: ganz in unserem K\u00f6rper, anzukommen und diese wunderbare Einheit von K\u00f6rper und Geist zu erleben, in die innere Stille einzutauchen, die uns auf allen Ebenen unseres Seins n\u00e4hren und gl\u00fccklich machen kann. Allm\u00e4hlich kann sich vieles in unserem Geist l\u00f6sen, von dem wir dachten, \u201edas schaffe ich ja nie&#8220;&#8230;<\/p>\n<p style=\"font-weight: 400;\">\u00a0Geleitete und stille Sitz \u2013 und Gehmeditationen, leichte Yoga\u00fcbungen, Vortrag und achtsamer Austausch oder Teemeditation, Tiefenentspannung, kleine Wanderungen in der Natur.<\/p>\n<p style=\"font-weight: 400;\">Gr\u00f6\u00dftenteils im Edlen Schweigen \u2013 au\u00dfer dem achtsamen Austausch nachmittags.\u00a0 \u00a0 \u00a0<\/p>\n<hr \/>\n<p><strong>23. &#8211; 26. Juli 2026<\/strong><br \/><strong>Sommerretreat \u2013 Achtsamkeitsmeditation<br \/><\/strong><strong>\u201eDen Sommer willkommen hei\u00dfen\u201c<br \/><\/strong><\/p>\n<p>Retreat: mit \u00dcbernachtung und Verpflegung, bitte Bettw\u00e4sche mitbringen<br \/>Grundgeb\u00fchr: 180 \u20ac f\u00fcr Unterkunft, Verpflegung und K\u00f6chin<br \/>Dana: Spende f\u00fcr den Lebensunterhalt der Kursleiterin am Ende des Kurses<br \/>Zeiten: Do 18 Uhr &#8211; So 15 Uhr<br \/><strong>Ort: <\/strong>Quelle des Mitgef\u00fchls, Heidenheimer Str. 27, 13467 Berlin<strong><br \/>Anmeldung: <\/strong>T. 030 \/ 405 865 40, <a href=\"http:\/\/www.quelle-des-mitgefuehls.de\/\" target=\"_blank\" rel=\"noopener noreferrer\">www.quelle-des-mitgefuehls.de<\/a><br \/>Email: <a href=\"mailto:quelledesmitgefuehls@web.de\" target=\"_blank\" rel=\"noopener noreferrer\">quelledesmitgefuehls@web.de<\/a><\/p>\n<p>Die Frische des Sommermorgens, die flirrende Hitze am Mittag, ein kleiner Regenguss, der Gesang der V\u00f6gel in der Abendd\u00e4mmerung &#8230;<\/p>\n<p>Geleitete und stille Sitz \u2013 und Gehmeditationen, leichte Yoga\u00fcbungen, Vortrag und achtsamer Austausch oder Teemeditation, Tiefenentspannung, kleine Wanderungen in der Natur.<br \/>Gr\u00f6\u00dftenteils im Edlen Schweigen \u2013 au\u00dfer dem achtsamen Austausch nachmittags.<\/p>\n<hr \/>\n<p><strong><span class=\"date\">1. &#8211; 4. Oktober 2026\u00a0 \u00a0 Im EIAB in Waldbr\u00f6l \/ bei K\u00f6ln<br \/><\/span><\/strong><strong>Achtsamkeitsmeditation<br \/>&#8222;Laufe nicht der Vergangenheit nach, verliere Dich nicht in der Zukunft&#8220;<\/strong><\/p>\n<p><strong>F<\/strong><strong>estkosten: <\/strong>bitte erfragen, plus Dana (Spende f\u00fcr die Kursleiterin) am Ende des Kurses in die Spendenbox<br \/><strong>Ort:<\/strong> EIAB, Schaumburgweg 3, 51545 Waldbr\u00f6l <br \/>T. 02291 9071373, info@eiab.eu, www.eiab.eu<\/p>\n<p><span class=\"_6HCTV\">\u201eLaufe nicht der Vergangenheit nach \u2013 Verliere dich nicht in der Zukunft\u2026.\u201c <\/span><span class=\"_6HCTV\">hei\u00dft es in einer Sutra des Buddha. <\/span><\/p>\n<p id=\"viewer-au1vk1075\" class=\"DcJ9z XlQz- _20N9R yYVS1\" dir=\"auto\"><span class=\"_6HCTV\">Bedeutet das, dass wir nicht nachdenken sollen, wie wir uns in der Vergangenheit verhalten haben? Sollen wir keine Pl\u00e4ne f\u00fcr die Zukunft machen? Was k\u00f6nnen wir tun, um uns nicht von der Gegenwart wegtreiben zu lassen?<br \/><\/span><span class=\"_6HCTV\">Wie k\u00f6nnen wir immer wieder ganz frisch und neu anfangen, mit unserer \u00dcbung der Achtsamkeit und des liebevollen Zusammenseins mit uns selbst, mit unseren Beziehungen zu anderen Lebenwesen und mit der Welt um uns herum?<\/span><\/p>\n<p><span class=\"_6HCTV\">Geleitete und stille Sitz \u2013 und Gehmeditation, leichte Yoga-\u00dcbungen, Tiefenentspannung, Vortrag und Dharma-Austausch, kleine Wanderungen.<\/span><\/p>\n<hr \/>\n<p><strong>29. Dezember 2026 &#8211; 1. Januar 2027<\/strong><br \/><strong>Sylvesterretreat: Achtsamkeitsmeditation zwischen den Zeiten<br \/><\/strong><strong>&#8222;Die Ruhe im Winter einkehren lassen&#8220;<\/strong><\/p>\n<p>Retreat: mit \u00dcbernachtung und Verpflegung, bitte Bettw\u00e4sche mitbringen<br \/>Grundgeb\u00fchr: 180 \u20ac f\u00fcr Unterkunft und Verpflegung<br \/>Dana: Spende f\u00fcr den Lebensunterhalt der Kursleiterin am Ende des Kurses<br \/>Zeiten: Di 18 Uhr &#8211; Fr 15 Uhr<br \/><strong>Ort: <\/strong>Quelle des Mitgef\u00fchls, Heidenheimer Str. 27, 13467 Berlin<strong><br \/>Anmeldung: <\/strong>T. 030 \/ 405 865 40, <a href=\"http:\/\/www.quelle-des-mitgefuehls.de\/\" target=\"_blank\" rel=\"noopener noreferrer\">www.quelle-des-mitgefuehls.de<\/a><br \/>Email: <a href=\"mailto:quelledesmitgefuehls@web.de\" target=\"_blank\" rel=\"noopener noreferrer\">quelledesmitgefuehls@web.de<\/a><\/p>\n<p>Nach innen gehen und alles in mir n\u00e4hren, was mir Geborgenheit, W\u00e4rme, Schutz und Raum gibt.<\/p>\n<p>Geleitete und stille Sitz \u2013 und Gehmeditation, leichte Yoga\u00fcbungen, Vortrag, kleine Wanderung, Tiefenentspannung, achtsamer Austausch oder Teemeditation.<br \/>Das Retreat findet gr\u00f6\u00dftenteils im Schweigen statt.<\/p>\n\n\n<p><\/p>\n","protected":false},"excerpt":{"rendered":"<p>Praxisabende und Meditationskurse Leitung von laufenden Meditationsabenden und Achtsamkeitssonntagenin der &#8222;Quelle des Mitgef\u00fchls&#8220;, \u00dcbungszentrum in der Tradition des vietnamesischen Zen- Meisters Thich Nhat Hanh Dienstag und Freitag &#8211; Abend 19-21 Uhr Dienstag auch per ZOOM, bitte erfragen bei quelledesmitgefuehls@web.de\u00a0 Heidenheimerstr. 2713467 Berlin-Hermsdorf T. 030-405 865 40 Webseite: www.quelle-des-mitgefuehls.deEmail: quelledesmitgefuehls@web.de Meditationskurse 2026 mit Annabelle Zinser 29. &hellip; <a href=\"https:\/\/annabellezinser.de\/?page_id=15\" class=\"more-link\"><span class=\"screen-reader-text\">\u201eKurse\u201c<\/span> weiterlesen<\/a><\/p>\n","protected":false},"author":1,"featured_media":0,"parent":0,"menu_order":0,"comment_status":"closed","ping_status":"closed","template":"","meta":[],"_links":{"self":[{"href":"https:\/\/annabellezinser.de\/index.php?rest_route=\/wp\/v2\/pages\/15"}],"collection":[{"href":"https:\/\/annabellezinser.de\/index.php?rest_route=\/wp\/v2\/pages"}],"about":[{"href":"https:\/\/annabellezinser.de\/index.php?rest_route=\/wp\/v2\/types\/page"}],"author":[{"embeddable":true,"href":"https:\/\/annabellezinser.de\/index.php?rest_route=\/wp\/v2\/users\/1"}],"replies":[{"embeddable":true,"href":"https:\/\/annabellezinser.de\/index.php?rest_route=%2Fwp%2Fv2%2Fcomments&post=15"}],"version-history":[{"count":32,"href":"https:\/\/annabellezinser.de\/index.php?rest_route=\/wp\/v2\/pages\/15\/revisions"}],"predecessor-version":[{"id":233,"href":"https:\/\/annabellezinser.de\/index.php?rest_route=\/wp\/v2\/pages\/15\/revisions\/233"}],"wp:attachment":[{"href":"https:\/\/annabellezinser.de\/index.php?rest_route=%2Fwp%2Fv2%2Fmedia&parent=15"}],"curies":[{"name":"wp","href":"https:\/\/api.w.org\/{rel}","templated":true}]}}