{"id":12,"date":"2023-01-09T17:16:59","date_gmt":"2023-01-09T17:16:59","guid":{"rendered":"https:\/\/annabellezinser.de\/?page_id=12"},"modified":"2024-05-27T13:40:13","modified_gmt":"2024-05-27T13:40:13","slug":"biografie-annabelle","status":"publish","type":"page","link":"https:\/\/annabellezinser.de\/?page_id=12","title":{"rendered":"Biografie"},"content":{"rendered":"\n<p><\/p>\n\n\n<figure id=\"attachment_42\" aria-describedby=\"caption-attachment-42\" style=\"width: 180px\" class=\"wp-caption alignright\"><img decoding=\"async\" loading=\"lazy\" class=\"wp-image-42 size-full\" src=\"https:\/\/annabellezinser.de\/wp-content\/uploads\/2023\/01\/annabelle_bio.jpg\" alt=\"\" width=\"180\" height=\"228\" \/><figcaption id=\"caption-attachment-42\" class=\"wp-caption-text\">Annabelle Zinser<\/figcaption><\/figure>\n<p>Annabelle Zinser, Jahrgang 1948<\/p>\n<p>kurzer Lebenslauf:<\/p>\n<p>Staatsexamen in Geschichte und Politik. Ausbildung und Arbeit als Physiotherapeutin, als Familienhelferin, Yoga- und Meditationslehrerin. 1980 Beginn meiner Meditationspraxis. Retreats bei Sylvia Wetzel, Goenka, <br \/>U Pandita und Dr. Thynn Thynn. Lange Jahre Vipassanameditation bei Ruth Denison, die meine Herzenslehrerin wurde und von der ich die Lehrerlaubnis erhielt.<br \/>\u00a01992 erlebte ich Thich Nhat Hanh in Berlin beim Europ\u00e4ischen Buddhistischen Kongress, 2003 wurde ich Mitglied seines &#8222;Intersein-Ordens&#8220;, seit 2004\u00a0 Dharmacharya* von Thich Nhat Hanh. Heute leite ich das \u00dcbungszentrum &#8222;Quelle des Mitgef\u00fchls&#8220; in Berlin und bin Mitglied des Kuratoriums der Buddhistischen Akademie in Berlin. Meine Lieblingsfrage: &#8222;Annabelle, kannst du dich auch in dieser Situation entspannen?&#8220;<\/p>\n<p>Ausf\u00fchrlicher Lebenslauf:<\/p>\n<p>Ich wuchs in der Nachkriegszeit in einem Dorf in Schwaben mit meiner Mutter und noch zwei Geschwistern auf. Als ich anderthalb Jahre alt war, starb mein Vater bei einem Verkehrsunfall. In meiner Kindheit erlebte ich viel Geborgenheit in meiner Familie: mit meiner Mutter, den Geschwistern, Gro\u00dfeltern und einigen Tanten, Onkel und Cousin*en. In unserer Nachbarschaft gab es viele Kinder, mit denen wir in den G\u00e4rten und im Wald spielen konnten. Schon immer habe ich gerne gelesen, und meine Mutter hatte eine gro\u00dfe Bibliothek, in der ich mich frei bedienen konnte.<\/p>\n<p>Nach der Volksschule besuchte ich das M\u00e4dchengymnasium in Esslingen und ging nach dem Abitur zum Studium von Geschichte, Politik und spanischer Literatur an die Uni in M\u00fcnchen und wechselte dann an die Freie Universit\u00e4t Berlin, wo ich mein Staatsexamen in Geschichte und Politik ablegte. Danach arbeitete ich einige Jahre als Familienhelferin in sozialen Brennpunkt-Bezirken in Berlin, absolvierte noch eine Ausbildung in klassischer Massage und Yoga und war lange Jahre als Yoga- und Massage-Lehrerin in unterschiedlichen Institutionen und freien Gruppen t\u00e4tig.<\/p>\n<p>1979 fing ich an, mit Freunden\/innen Yoga zu \u00fcben und begann 1980 meine Meditationspraxis \u2013 zuerst alleine nach der Lekt\u00fcre eines Buches des japanischen Zen-Meisters Taisen Deshimaru.<\/p>\n<p>1982 besuchte ich mein erstes \u201erichtiges\u201c Meditationsseminar bei einer Freundin, Sylvia Wetzel, im buddhistischen Tempel in Berlin-Frohnau und praktizierte mit ihr in der tibetisch-Buddhistischen Tradition.<\/p>\n<p>1988 nahm ich das erste Mal an einem Vipassana-Meditations-Kurs bei Goenka w\u00e4hrend eines l\u00e4ngeren Aufenthaltes in Indien teil. Kurz darauf traf ich im \u201eWaldhaus am Laacher See\u201c die deutsch-amerikanische Vipassana-Lehrerin Ruth Denison, die dann \u00fcber lange Jahre hinweg meine Herzenslehrerin werden sollte.<\/p>\n<figure id=\"attachment_33\" aria-describedby=\"caption-attachment-33\" style=\"width: 180px\" class=\"wp-caption alignright\"><img decoding=\"async\" loading=\"lazy\" class=\"wp-image-33 size-full\" src=\"https:\/\/annabellezinser.de\/wp-content\/uploads\/2023\/01\/ruth-neu.jpg\" alt=\"\" width=\"180\" height=\"231\" \/><figcaption id=\"caption-attachment-33\" class=\"wp-caption-text\">Ruth Denison<\/figcaption><\/figure>\n<p>Wann immer es mir m\u00f6glich war, hielt ich mich in ihrem Zentrum Dhamma Dena in der s\u00fcdkalifornischen Mojave-W\u00fcste auf. 1990\/91verbrachte ich ein halbes Jahr und in den folgenden Jahren ein oder zwei Monate im Jahr in ihrem Zentrum oder begleitete sie auf ihren weltweiten Retreats als Assistentin. Mein inneres Leben erfuhr durch das nahe Zusammensein mit Ruth eine tiefe Wandlung. Von ihr bekam ich dann auch die Erlaubnis, das Dharma zu lehren.<\/p>\n<p>In den 90 er Jahren fing ich an, das Dharma an unterschiedlichen Orten zu lehren, bei Achtsamkeitstagen bei mir zuhause im \u201eDharmaschl\u00f6\u00dfchen\u201c, im \u201eWaldhaus am Laacher See\u201c, im \u201eHaus der Stille\u201c in Berlin, sp\u00e4ter im Meditationszentrum in Beatenberg und im \u201eEIAB &#8211; Europ\u00e4ischen Institut f\u00fcr angewandten Buddhismus\u201c in Waldbr\u00f6l und nat\u00fcrlich in der \u201eQuelle des Mitgef\u00fchls\u201c in Berlin-Hermsdorf.<\/p>\n<figure id=\"attachment_34\" aria-describedby=\"caption-attachment-34\" style=\"width: 180px\" class=\"wp-caption alignright\"><img decoding=\"async\" loading=\"lazy\" class=\"wp-image-34 size-full\" src=\"https:\/\/annabellezinser.de\/wp-content\/uploads\/2023\/01\/thay.jpg\" alt=\"\" width=\"180\" height=\"234\" \/><figcaption id=\"caption-attachment-34\" class=\"wp-caption-text\">Thich Nhat Hanh<\/figcaption><\/figure>\n<p>1992 begegnete ich das erste Mal dem vietnamesischen Zen-Meister Thich Nhat Hanh auf dem Europ\u00e4ischen Buddhistischen Kongress in Berlin. Seit dem Sommerretreat 2000 hielt ich mich regelm\u00e4\u00dfig in seinem Kloster \u201ePlum Village\u201c in Frankreich auf. Meine Dharma-Praxis erfuhr durch seine Lehren, v.a. durch die Theorie und Praxis des Interseins und die Methoden der achtsamen, liebevollen Kommunikation eine gro\u00dfe Bereicherung.<\/p>\n<p>Schon durch meine Yoga-\u00dcbungen hatte ich die transformierende Kraft der Atembeobachtung erfahren: wie sich schwierige Gef\u00fchle beruhigen und umwandeln k\u00f6nnen. Die systematische buddhistische Geistes-Schulung der Achtsamkeit erschien mir deshalb auch ganz nat\u00fcrlich, und ich hatte gro\u00dfes Interesse und Freude an der grundlegenden \u00dcbung der Achtsamkeit wie sie der Buddha in der Satipatthana-Sutra beschrieben hat. Ich denke, die Sehnsucht nach innerem Frieden, die Sehnsucht nach der gro\u00dfen Sch\u00f6nheit der inneren Stille, die Sehnsucht nach liebevollen und doch freien Beziehungen mit meinen Mitmenschen haben mich zum Dharma gef\u00fchrt.<\/p>\n<figure id=\"attachment_35\" aria-describedby=\"caption-attachment-35\" style=\"width: 180px\" class=\"wp-caption alignright\"><img decoding=\"async\" loading=\"lazy\" class=\"size-full wp-image-35\" src=\"https:\/\/annabellezinser.de\/wp-content\/uploads\/2023\/01\/chankhong.jpg\" alt=\"\" width=\"180\" height=\"227\" \/><figcaption id=\"caption-attachment-35\" class=\"wp-caption-text\">Sister Chan Khong<\/figcaption><\/figure>\n<p>Seit 2002 habe ich mich beim Aufbau der \u201eQuelle des Mitgef\u00fchls\u201c, einem buddhistischen \u00dcbungszentrum in der Tradition der Dhyana-Schule von \u201ePlum Village\u201c in Berlin-Hermsdorf engagiert. 2004 hat mir Thich Nhat Hanh die Leitung des Zentrums anvertraut.<\/p>\n<p>Im Januar 2003 wurde ich Mitglied des Intersein-Ordens von Thich Nhat Hanh und bekam meinen Dharma-Namen: \u201eWahrer Duft der Achtsamkeits\u00fcbungen\u201c. Im November 2004 wurde mir in \u201ePlum Village\u201c von Thich Nhat Hanh die Dharma-Lampe \u00fcbertragen, die mir erlaubt, in seiner Tradition zu lehren.<\/p>\n<p>Im M\u00e4rz 2007 erhielt ich in Bangkok zusammen mit 22 anderen Frauen bei den Vereinten Nationen den \u201eOutstanding Women in Buddhism Award 2007\u201c.<\/p>\n<p>Im Herbst 2008 wurde von Thay das EIAB \u2013 European Institute of Applied Buddhism\u201c in Waldbr\u00f6l gegr\u00fcndet, wo ich seit 2010 auch Meditationsretreats leite.<\/p>\n<p>Von 1994 an traf ich mich regelm\u00e4\u00dfig mit anderen Dharmalehrerinnen (Sylvia Wetzel, Marie Mannschatz und zeitweise Sylvia Kolk) zum Austausch und zur Supervision \u00fcber unterschiedliche Themen der Dharma-Theorie und Praxis in den \u201eBuddhistischen Perspektiven\u201c.<br \/>Aus dieser Gruppierung entstand 2001 die Buddhistische Akademie von Berlin-Brandenburg, die traditions\u00fcbergreifend ist und deren Kuratorium ich angeh\u00f6re.<\/p>\n<figure id=\"attachment_36\" aria-describedby=\"caption-attachment-36\" style=\"width: 180px\" class=\"wp-caption alignright\"><img decoding=\"async\" loading=\"lazy\" class=\"wp-image-36 size-full\" src=\"https:\/\/annabellezinser.de\/wp-content\/uploads\/2023\/01\/sisterjina.jpg\" alt=\"\" width=\"180\" height=\"228\" \/><figcaption id=\"caption-attachment-36\" class=\"wp-caption-text\">Sister Jina<\/figcaption><\/figure>\n<p>Ich bin allen meinen Lehrerinnen und Lehrern unendlich dankbar, die mich durch die ganze Art und Weise ihres Seins und Lehrens auf meinem spirituellen Weg inspiriert haben. Dies sind vor allem meine Wurzellehrerin Ruth Denison, die burmesische Vipassana-Lehrerin Dr. Thynn Thynn, der vietnamesische Zen-Meister Thich Nhat Hanh, Sr. Jina, Sr. Chan Khong und viele Schwestern und Br\u00fcder aus dem \u00dcbungszentrum und Kloster von Thich Nhat Hanh \u201ePlum Village\u201c in Frankreich.<\/p>\n\n\n<p><\/p>\n","protected":false},"excerpt":{"rendered":"<p>Annabelle Zinser, Jahrgang 1948 kurzer Lebenslauf: Staatsexamen in Geschichte und Politik. Ausbildung und Arbeit als Physiotherapeutin, als Familienhelferin, Yoga- und Meditationslehrerin. 1980 Beginn meiner Meditationspraxis. Retreats bei Sylvia Wetzel, Goenka, U Pandita und Dr. Thynn Thynn. Lange Jahre Vipassanameditation bei Ruth Denison, die meine Herzenslehrerin wurde und von der ich die Lehrerlaubnis erhielt.\u00a01992 erlebte ich &hellip; <a href=\"https:\/\/annabellezinser.de\/?page_id=12\" class=\"more-link\"><span class=\"screen-reader-text\">\u201eBiografie\u201c<\/span> weiterlesen<\/a><\/p>\n","protected":false},"author":1,"featured_media":0,"parent":0,"menu_order":0,"comment_status":"closed","ping_status":"closed","template":"","meta":[],"_links":{"self":[{"href":"https:\/\/annabellezinser.de\/index.php?rest_route=\/wp\/v2\/pages\/12"}],"collection":[{"href":"https:\/\/annabellezinser.de\/index.php?rest_route=\/wp\/v2\/pages"}],"about":[{"href":"https:\/\/annabellezinser.de\/index.php?rest_route=\/wp\/v2\/types\/page"}],"author":[{"embeddable":true,"href":"https:\/\/annabellezinser.de\/index.php?rest_route=\/wp\/v2\/users\/1"}],"replies":[{"embeddable":true,"href":"https:\/\/annabellezinser.de\/index.php?rest_route=%2Fwp%2Fv2%2Fcomments&post=12"}],"version-history":[{"count":18,"href":"https:\/\/annabellezinser.de\/index.php?rest_route=\/wp\/v2\/pages\/12\/revisions"}],"predecessor-version":[{"id":210,"href":"https:\/\/annabellezinser.de\/index.php?rest_route=\/wp\/v2\/pages\/12\/revisions\/210"}],"wp:attachment":[{"href":"https:\/\/annabellezinser.de\/index.php?rest_route=%2Fwp%2Fv2%2Fmedia&parent=12"}],"curies":[{"name":"wp","href":"https:\/\/api.w.org\/{rel}","templated":true}]}}